{"id":16523,"date":"2024-08-29T07:53:06","date_gmt":"2024-08-29T07:53:06","guid":{"rendered":"https:\/\/prettyladydz.net\/?post_type=product&#038;p=16523"},"modified":"2025-11-12T14:52:40","modified_gmt":"2025-11-12T14:52:40","slug":"deshabille-en-satin-a-plumes","status":"publish","type":"product","link":"https:\/\/prettyladydz.net\/?product=deshabille-en-satin-a-plumes","title":{"rendered":"D\u00e9shabill\u00e9 en satin \u00e0 plumes"},"content":{"rendered":"","protected":false},"excerpt":{"rendered":"","protected":false},"featured_media":16520,"comment_status":"open","ping_status":"closed","template":"","meta":[],"product_cat":[74],"product_tag":[],"class_list":{"0":"post-16523","1":"product","2":"type-product","3":"status-publish","4":"has-post-thumbnail","6":"product_cat-robes-de-nuit-kimonos","8":"first","9":"instock","10":"sale","11":"shipping-taxable","12":"purchasable","13":"product-type-variable"},"_links":{"self":[{"href":"https:\/\/prettyladydz.net\/index.php?rest_route=\/wp\/v2\/product\/16523","targetHints":{"allow":["GET"]}}],"collection":[{"href":"https:\/\/prettyladydz.net\/index.php?rest_route=\/wp\/v2\/product"}],"about":[{"href":"https:\/\/prettyladydz.net\/index.php?rest_route=\/wp\/v2\/types\/product"}],"replies":[{"embeddable":true,"href":"https:\/\/prettyladydz.net\/index.php?rest_route=%2Fwp%2Fv2%2Fcomments&post=16523"}],"version-history":[{"count":0,"href":"https:\/\/prettyladydz.net\/index.php?rest_route=\/wp\/v2\/product\/16523\/revisions"}],"wp:featuredmedia":[{"embeddable":true,"href":"https:\/\/prettyladydz.net\/index.php?rest_route=\/wp\/v2\/media\/16520"}],"wp:attachment":[{"href":"https:\/\/prettyladydz.net\/index.php?rest_route=%2Fwp%2Fv2%2Fmedia&parent=16523"}],"wp:term":[{"taxonomy":"product_cat","embeddable":true,"href":"https:\/\/prettyladydz.net\/index.php?rest_route=%2Fwp%2Fv2%2Fproduct_cat&post=16523"},{"taxonomy":"product_tag","embeddable":true,"href":"https:\/\/prettyladydz.net\/index.php?rest_route=%2Fwp%2Fv2%2Fproduct_tag&post=16523"}],"curies":[{"name":"wp","href":"https:\/\/api.w.org\/{rel}","templated":true}]}}