{"id":15794,"date":"2024-02-26T05:12:46","date_gmt":"2024-02-26T05:12:46","guid":{"rendered":"https:\/\/prettyladydz.net?post_type=product&#038;p=15794"},"modified":"2025-11-23T17:49:02","modified_gmt":"2025-11-23T17:49:02","slug":"pyjama-2-pieces-ceinture-en-satin-avec-details-en-dentelle","status":"publish","type":"product","link":"https:\/\/prettyladydz.net\/?product=pyjama-2-pieces-ceinture-en-satin-avec-details-en-dentelle","title":{"rendered":"Pyjama 2 pi\u00e8ces ceintur\u00e9 en satin avec d\u00e9tails en dentelle"},"content":{"rendered":"<p><img fetchpriority=\"high\" decoding=\"async\" class=\"aligncenter size-large wp-image-15798\" src=\"https:\/\/prettyladydz.netwp-content\/uploads\/2024\/02\/WhatsApp-Image-2024-02-24-at-23.02.28-1-1-603x800.jpeg\" alt=\"\" width=\"603\" height=\"800\" srcset=\"https:\/\/prettyladydz.net\/wp-content\/uploads\/2024\/02\/WhatsApp-Image-2024-02-24-at-23.02.28-1-1-603x800.jpeg 603w, https:\/\/prettyladydz.net\/wp-content\/uploads\/2024\/02\/WhatsApp-Image-2024-02-24-at-23.02.28-1-1-430x571.jpeg 430w, https:\/\/prettyladydz.net\/wp-content\/uploads\/2024\/02\/WhatsApp-Image-2024-02-24-at-23.02.28-1-1-150x199.jpeg 150w, https:\/\/prettyladydz.net\/wp-content\/uploads\/2024\/02\/WhatsApp-Image-2024-02-24-at-23.02.28-1-1-700x929.jpeg 700w, https:\/\/prettyladydz.net\/wp-content\/uploads\/2024\/02\/WhatsApp-Image-2024-02-24-at-23.02.28-1-1-226x300.jpeg 226w, https:\/\/prettyladydz.net\/wp-content\/uploads\/2024\/02\/WhatsApp-Image-2024-02-24-at-23.02.28-1-1-768x1019.jpeg 768w, https:\/\/prettyladydz.net\/wp-content\/uploads\/2024\/02\/WhatsApp-Image-2024-02-24-at-23.02.28-1-1.jpeg 814w\" sizes=\"(max-width: 603px) 100vw, 603px\" \/> <img decoding=\"async\" class=\"aligncenter size-large wp-image-15797\" src=\"https:\/\/prettyladydz.netwp-content\/uploads\/2024\/02\/WhatsApp-Image-2024-02-24-at-23.02.28-601x800.webp\" alt=\"\" width=\"601\" height=\"800\" srcset=\"https:\/\/prettyladydz.net\/wp-content\/uploads\/2024\/02\/WhatsApp-Image-2024-02-24-at-23.02.28-601x800.webp 601w, https:\/\/prettyladydz.net\/wp-content\/uploads\/2024\/02\/WhatsApp-Image-2024-02-24-at-23.02.28-430x572.webp 430w, https:\/\/prettyladydz.net\/wp-content\/uploads\/2024\/02\/WhatsApp-Image-2024-02-24-at-23.02.28-150x200.webp 150w, https:\/\/prettyladydz.net\/wp-content\/uploads\/2024\/02\/WhatsApp-Image-2024-02-24-at-23.02.28-700x931.webp 700w, https:\/\/prettyladydz.net\/wp-content\/uploads\/2024\/02\/WhatsApp-Image-2024-02-24-at-23.02.28-226x300.webp 226w, https:\/\/prettyladydz.net\/wp-content\/uploads\/2024\/02\/WhatsApp-Image-2024-02-24-at-23.02.28-768x1021.webp 768w, https:\/\/prettyladydz.net\/wp-content\/uploads\/2024\/02\/WhatsApp-Image-2024-02-24-at-23.02.28.webp 812w\" sizes=\"(max-width: 601px) 100vw, 601px\" \/> <img decoding=\"async\" class=\"aligncenter size-large wp-image-15796\" src=\"https:\/\/prettyladydz.netwp-content\/uploads\/2024\/02\/WhatsApp-Image-2024-02-24-at-23.02.27-1-601x800.webp\" alt=\"\" width=\"601\" height=\"800\" srcset=\"https:\/\/prettyladydz.net\/wp-content\/uploads\/2024\/02\/WhatsApp-Image-2024-02-24-at-23.02.27-1-601x800.webp 601w, https:\/\/prettyladydz.net\/wp-content\/uploads\/2024\/02\/WhatsApp-Image-2024-02-24-at-23.02.27-1-430x572.webp 430w, https:\/\/prettyladydz.net\/wp-content\/uploads\/2024\/02\/WhatsApp-Image-2024-02-24-at-23.02.27-1-150x200.webp 150w, https:\/\/prettyladydz.net\/wp-content\/uploads\/2024\/02\/WhatsApp-Image-2024-02-24-at-23.02.27-1-700x931.webp 700w, https:\/\/prettyladydz.net\/wp-content\/uploads\/2024\/02\/WhatsApp-Image-2024-02-24-at-23.02.27-1-226x300.webp 226w, https:\/\/prettyladydz.net\/wp-content\/uploads\/2024\/02\/WhatsApp-Image-2024-02-24-at-23.02.27-1-768x1021.webp 768w, https:\/\/prettyladydz.net\/wp-content\/uploads\/2024\/02\/WhatsApp-Image-2024-02-24-at-23.02.27-1.webp 812w\" sizes=\"(max-width: 601px) 100vw, 601px\" \/> <img loading=\"lazy\" decoding=\"async\" class=\"aligncenter size-large wp-image-15795\" src=\"https:\/\/prettyladydz.netwp-content\/uploads\/2024\/02\/WhatsApp-Image-2024-02-24-at-23.02.27-606x800.webp\" alt=\"\" width=\"606\" height=\"800\" srcset=\"https:\/\/prettyladydz.net\/wp-content\/uploads\/2024\/02\/WhatsApp-Image-2024-02-24-at-23.02.27-606x800.webp 606w, https:\/\/prettyladydz.net\/wp-content\/uploads\/2024\/02\/WhatsApp-Image-2024-02-24-at-23.02.27-430x568.webp 430w, https:\/\/prettyladydz.net\/wp-content\/uploads\/2024\/02\/WhatsApp-Image-2024-02-24-at-23.02.27-150x198.webp 150w, https:\/\/prettyladydz.net\/wp-content\/uploads\/2024\/02\/WhatsApp-Image-2024-02-24-at-23.02.27-700x924.webp 700w, https:\/\/prettyladydz.net\/wp-content\/uploads\/2024\/02\/WhatsApp-Image-2024-02-24-at-23.02.27-227x300.webp 227w, https:\/\/prettyladydz.net\/wp-content\/uploads\/2024\/02\/WhatsApp-Image-2024-02-24-at-23.02.27-768x1014.webp 768w, https:\/\/prettyladydz.net\/wp-content\/uploads\/2024\/02\/WhatsApp-Image-2024-02-24-at-23.02.27.webp 818w\" sizes=\"(max-width: 606px) 100vw, 606px\" \/><\/p>\n","protected":false},"excerpt":{"rendered":"","protected":false},"featured_media":15798,"comment_status":"open","ping_status":"closed","template":"","meta":[],"product_cat":[71],"product_tag":[],"class_list":{"0":"post-15794","1":"product","2":"type-product","3":"status-publish","4":"has-post-thumbnail","6":"product_cat-pyjamas","8":"first","9":"instock","10":"shipping-taxable","11":"purchasable","12":"product-type-variable"},"_links":{"self":[{"href":"https:\/\/prettyladydz.net\/index.php?rest_route=\/wp\/v2\/product\/15794","targetHints":{"allow":["GET"]}}],"collection":[{"href":"https:\/\/prettyladydz.net\/index.php?rest_route=\/wp\/v2\/product"}],"about":[{"href":"https:\/\/prettyladydz.net\/index.php?rest_route=\/wp\/v2\/types\/product"}],"replies":[{"embeddable":true,"href":"https:\/\/prettyladydz.net\/index.php?rest_route=%2Fwp%2Fv2%2Fcomments&post=15794"}],"version-history":[{"count":0,"href":"https:\/\/prettyladydz.net\/index.php?rest_route=\/wp\/v2\/product\/15794\/revisions"}],"wp:featuredmedia":[{"embeddable":true,"href":"https:\/\/prettyladydz.net\/index.php?rest_route=\/wp\/v2\/media\/15798"}],"wp:attachment":[{"href":"https:\/\/prettyladydz.net\/index.php?rest_route=%2Fwp%2Fv2%2Fmedia&parent=15794"}],"wp:term":[{"taxonomy":"product_cat","embeddable":true,"href":"https:\/\/prettyladydz.net\/index.php?rest_route=%2Fwp%2Fv2%2Fproduct_cat&post=15794"},{"taxonomy":"product_tag","embeddable":true,"href":"https:\/\/prettyladydz.net\/index.php?rest_route=%2Fwp%2Fv2%2Fproduct_tag&post=15794"}],"curies":[{"name":"wp","href":"https:\/\/api.w.org\/{rel}","templated":true}]}}